{"id":1553,"date":"2025-02-06T19:36:14","date_gmt":"2025-02-06T19:36:14","guid":{"rendered":"https:\/\/hexagram.uqam.ca\/?page_id=1553"},"modified":"2025-09-11T23:18:54","modified_gmt":"2025-09-11T23:18:54","slug":"frais-afferents","status":"publish","type":"page","link":"https:\/\/hexagram.uqam.ca\/english\/frais-afferents\/","title":{"rendered":"Charges"},"content":{"rendered":"<div class=\"wp-block-columns has-custom-background-header-footer-background-color has-background is-layout-flex wp-container-core-columns-is-layout-a8e623e3 wp-block-columns-is-layout-flex\" style=\"margin-bottom:0;padding-bottom:0\">\n<div class=\"wp-block-column is-vertically-aligned-center is-layout-flow wp-container-core-column-is-layout-92d440f1 wp-block-column-is-layout-flow\" style=\"padding-top:0;padding-bottom:0;flex-basis:50%\">\n<p>Hexagram-UQAM contributes to the support of the <a href=\"https:\/\/hexagram.ca\/en\/recurring-activities\/\">Network<\/a> through various resources, including premises, studios, editing rooms and leading equipment made available to its members during calls for projects.<\/p>\n<\/div>\n\n\n\n<div class=\"wp-block-column is-vertically-aligned-top is-layout-flow wp-block-column-is-layout-flow\" style=\"padding-top:10px;padding-right:10px;padding-bottom:10px;padding-left:10px;flex-basis:50%\">\n<div class=\"wp-block-essential-blocks-slider  root-eb-slider-wn76j0b\"><div class=\"eb-parent-wrapper eb-parent-eb-slider-wn76j0b\"><div class=\"eb-slider-wrapper eb-slider-wn76j0b\" data-blockid=\"eb-slider-wn76j0b\" data-version=\"v4\" data-settings=\"eyJhcnJvd3MiOmZhbHNlLCJhZGFwdGl2ZUhlaWdodCI6dHJ1ZSwiYXV0b3BsYXkiOnRydWUsImF1dG9wbGF5U3BlZWQiOjQ1MDAsImRvdHMiOmZhbHNlLCJmYWRlIjpmYWxzZSwiaW5maW5pdGUiOnRydWUsInBhdXNlT25Ib3ZlciI6dHJ1ZSwic2xpZGVzVG9TaG93IjoxLCJzcGVlZCI6MTUwMCwidmVydGljYWwiOmZhbHNlLCJjdXJyZW50U2xpZGUiOjAsInJ0bCI6ZmFsc2UsInJlc3BvbnNpdmUiOlt7ImJyZWFrcG9pbnQiOjEwMjUsInNldHRpbmdzIjp7InNsaWRlc1RvU2hvdyI6MX19LHsiYnJlYWtwb2ludCI6NzY3LCJzZXR0aW5ncyI6eyJzbGlkZXNUb1Nob3ciOjF9fV19\" data-arrownexticon=\"fas fa-arrow-alt-circle-right\" data-arrowprevicon=\"fas fa-arrow-alt-circle-left\" data-lightbox=\"false\"><div class=\"eb-slider-init eb-slider-type-image\"><div class=\"eb-slider-item content-1\" data-src=\"https:\/\/hexagram.uqam.ca\/wp-content\/uploads\/2023\/08\/01-180228_CMMAS-scaled.jpg\"><div><img class=\"eb-slider-image\" data-lazy=\"https:\/\/hexagram.uqam.ca\/wp-content\/uploads\/2023\/08\/01-180228_CMMAS-scaled.jpg\"\/><\/div><\/div><div class=\"eb-slider-item content-1\" data-src=\"https:\/\/hexagram.uqam.ca\/wp-content\/uploads\/ECLAIRAGEDESCENE_MACAURA.jpg\"><div><img class=\"eb-slider-image\" data-lazy=\"https:\/\/hexagram.uqam.ca\/wp-content\/uploads\/ECLAIRAGEDESCENE_MACAURA.jpg\"\/><\/div><\/div><div class=\"eb-slider-item content-1\" data-src=\"https:\/\/hexagram.uqam.ca\/wp-content\/uploads\/ACCESSOIREVIDEO_PROJECTEUR.jpg\"><div><img class=\"eb-slider-image\" data-lazy=\"https:\/\/hexagram.uqam.ca\/wp-content\/uploads\/ACCESSOIREVIDEO_PROJECTEUR.jpg\"\/><\/div><\/div><div class=\"eb-slider-item content-1\" data-src=\"https:\/\/hexagram.uqam.ca\/wp-content\/uploads\/ProjosAgora.jpg\"><div><img class=\"eb-slider-image\" data-lazy=\"https:\/\/hexagram.uqam.ca\/wp-content\/uploads\/ProjosAgora.jpg\"\/><\/div><\/div><div class=\"eb-slider-item content-1\" data-src=\"https:\/\/hexagram.uqam.ca\/wp-content\/uploads\/2023\/07\/agora01.jpg\"><div><img class=\"eb-slider-image\" data-lazy=\"https:\/\/hexagram.uqam.ca\/wp-content\/uploads\/2023\/07\/agora01.jpg\"\/><\/div><\/div><div class=\"eb-slider-item content-1\" data-src=\"https:\/\/hexagram.uqam.ca\/wp-content\/uploads\/2023\/07\/02-140320_HEXA_OUT_7_Demo_or_Die-scaled.jpg\"><div><img class=\"eb-slider-image\" data-lazy=\"https:\/\/hexagram.uqam.ca\/wp-content\/uploads\/2023\/07\/02-140320_HEXA_OUT_7_Demo_or_Die-scaled.jpg\"\/><\/div><\/div><div class=\"eb-slider-item content-1\" data-src=\"https:\/\/hexagram.uqam.ca\/wp-content\/uploads\/2023\/07\/DSC_2840.jpg\"><div><img class=\"eb-slider-image\" data-lazy=\"https:\/\/hexagram.uqam.ca\/wp-content\/uploads\/2023\/07\/DSC_2840.jpg\"\/><\/div><\/div><div class=\"eb-slider-item content-1\" data-src=\"https:\/\/hexagram.uqam.ca\/wp-content\/uploads\/2023\/07\/image_mezz_01-1-scaled.jpg\"><div><img class=\"eb-slider-image\" data-lazy=\"https:\/\/hexagram.uqam.ca\/wp-content\/uploads\/2023\/07\/image_mezz_01-1-scaled.jpg\"\/><\/div><\/div><div class=\"eb-slider-item content-1\" data-src=\"https:\/\/hexagram.uqam.ca\/wp-content\/uploads\/REGIE_MONTAGE.jpg\"><div><img class=\"eb-slider-image\" data-lazy=\"https:\/\/hexagram.uqam.ca\/wp-content\/uploads\/REGIE_MONTAGE.jpg\"\/><\/div><\/div><div class=\"eb-slider-item content-1\" data-src=\"https:\/\/hexagram.uqam.ca\/wp-content\/uploads\/image-3-scaled.jpeg\"><div><img class=\"eb-slider-image\" data-lazy=\"https:\/\/hexagram.uqam.ca\/wp-content\/uploads\/image-3-scaled.jpeg\"\/><\/div><\/div><div class=\"eb-slider-item content-1\" data-src=\"https:\/\/hexagram.uqam.ca\/wp-content\/uploads\/meta_quest_3.jpg\"><div><img class=\"eb-slider-image\" data-lazy=\"https:\/\/hexagram.uqam.ca\/wp-content\/uploads\/meta_quest_3.jpg\"\/><\/div><\/div><div class=\"eb-slider-item content-1\" data-src=\"https:\/\/hexagram.uqam.ca\/wp-content\/uploads\/IMPRIMANTE_3D-rotated.jpg\"><div><img class=\"eb-slider-image\" data-lazy=\"https:\/\/hexagram.uqam.ca\/wp-content\/uploads\/IMPRIMANTE_3D-rotated.jpg\"\/><\/div><\/div><div class=\"eb-slider-item content-1\" data-src=\"https:\/\/hexagram.uqam.ca\/wp-content\/uploads\/2023\/07\/ORDINATEURS-1.jpg\"><div><img class=\"eb-slider-image\" data-lazy=\"https:\/\/hexagram.uqam.ca\/wp-content\/uploads\/2023\/07\/ORDINATEURS-1.jpg\"\/><\/div><\/div><div class=\"eb-slider-item content-1\" data-src=\"https:\/\/hexagram.uqam.ca\/wp-content\/uploads\/ACCESSOIRVIDEO_CAMERA-1.jpg\"><div><img class=\"eb-slider-image\" data-lazy=\"https:\/\/hexagram.uqam.ca\/wp-content\/uploads\/ACCESSOIRVIDEO_CAMERA-1.jpg\"\/><\/div><\/div><div class=\"eb-slider-item content-1\" data-src=\"https:\/\/hexagram.uqam.ca\/wp-content\/uploads\/KIT_CLEARCOM_REGIE-1.jpg\"><div><img class=\"eb-slider-image\" data-lazy=\"https:\/\/hexagram.uqam.ca\/wp-content\/uploads\/KIT_CLEARCOM_REGIE-1.jpg\"\/><\/div><\/div><div class=\"eb-slider-item content-1\" data-src=\"https:\/\/hexagram.uqam.ca\/wp-content\/uploads\/ATEM_VIDEO-1.jpg\"><div><img class=\"eb-slider-image\" data-lazy=\"https:\/\/hexagram.uqam.ca\/wp-content\/uploads\/ATEM_VIDEO-1.jpg\"\/><\/div><\/div><div class=\"eb-slider-item content-1\" data-src=\"https:\/\/hexagram.uqam.ca\/wp-content\/uploads\/STUDIOVIDEO_full-scaled.jpg\"><div><img class=\"eb-slider-image\" data-lazy=\"https:\/\/hexagram.uqam.ca\/wp-content\/uploads\/STUDIOVIDEO_full-scaled.jpg\"\/><\/div><\/div><div class=\"eb-slider-item content-1\" data-src=\"https:\/\/hexagram.uqam.ca\/wp-content\/uploads\/STUDIOSON-1.jpg\"><div><img class=\"eb-slider-image\" data-lazy=\"https:\/\/hexagram.uqam.ca\/wp-content\/uploads\/STUDIOSON-1.jpg\"\/><\/div><\/div><div class=\"eb-slider-item content-1\" data-src=\"https:\/\/hexagram.uqam.ca\/wp-content\/uploads\/CONSOLE_M32SON.jpg\"><div><img class=\"eb-slider-image\" data-lazy=\"https:\/\/hexagram.uqam.ca\/wp-content\/uploads\/CONSOLE_M32SON.jpg\"\/><\/div><\/div><div class=\"eb-slider-item content-1\" data-src=\"https:\/\/hexagram.uqam.ca\/wp-content\/uploads\/XSENS-MOCAP-scaled.jpg\"><div><img class=\"eb-slider-image\" data-lazy=\"https:\/\/hexagram.uqam.ca\/wp-content\/uploads\/XSENS-MOCAP-scaled.jpg\"\/><\/div><\/div><\/div><\/div><\/div><\/div>\n<\/div>\n<\/div>\n\n\n\n<div class=\"wp-block-columns is-layout-flex wp-container-core-columns-is-layout-a51bcdcd wp-block-columns-is-layout-flex\" style=\"padding-right:10px;padding-left:10px\">\n<div class=\"wp-block-column is-layout-flow wp-block-column-is-layout-flow\" style=\"flex-basis:100%\">\n<p>Training, accompaniment, rental or equipment costs may be charged as listed below and must be agreed upon with Hexagram-UQAM before the residency or group activity starts. Listed fees do not include taxes.<\/p>\n<\/div>\n<\/div>\n\n\n\n<div class=\"wp-block-group has-border-color has-custom-background-header-footer-border-color has-global-padding is-layout-constrained wp-container-core-group-is-layout-e5d48e90 wp-block-group-is-layout-constrained\" style=\"border-width:1px;padding-top:0px;padding-right:0px;padding-bottom:10px;padding-left:0px\">\n<h5 class=\"wp-block-heading has-custom-background-header-footer-background-color has-background\" style=\"padding-top:10px;padding-right:10px;padding-bottom:10px;padding-left:10px\">Premices<\/h5>\n\n\n\n<h5 class=\"wp-block-heading has-text-align-left\" style=\"margin-left:0;padding-left:10px\">Agora of the Science Center<\/h5>\n\n\n\n<p style=\"padding-top:0;padding-left:10px\">First day : $ 200<\/p>\n\n\n\n<p style=\"margin-top:0;padding-top:0;padding-left:10px\">Jours additionnels : 2e jour 15 $; 3e jour 30 $, 4e jour 45 $, 5e jour 60 $&#8230;<\/p>\n\n\n\n<h5 class=\"wp-block-heading has-text-align-left\" style=\"margin-left:0;padding-left:10px\">MEZZANINE<\/h5>\n\n\n\n<p style=\"padding-left:10px\">Des frais d&rsquo;utilisation s&rsquo;appliquent lorsque vous devez bloquer l&rsquo;Agora pour permettre une circulation sans contrainte vers la Mezzanine.<\/p>\n\n\n\n<p style=\"padding-top:0;padding-left:10px\">Premier jour : 100 $<\/p>\n\n\n\n<p style=\"margin-top:0;padding-top:0;padding-left:10px\">Jours additionnels : 2e jour 15 $; 3e jour 30 $, 4e jour 45 $, 5e jour 60 $&#8230;<\/p>\n<\/div>\n\n\n\n<div class=\"wp-block-group has-border-color has-custom-background-header-footer-border-color has-global-padding is-layout-constrained wp-container-core-group-is-layout-e5d48e90 wp-block-group-is-layout-constrained\" style=\"border-width:1px;padding-top:0px;padding-right:0px;padding-bottom:10px;padding-left:0px\">\n<h5 class=\"wp-block-heading has-custom-background-header-footer-background-color has-background\" style=\"padding-top:10px;padding-right:10px;padding-bottom:10px;padding-left:10px\">Equipments<\/h5>\n\n\n\n<h5 class=\"wp-block-heading\" style=\"margin-left:0;padding-left:10px\">Projectors<\/h5>\n\n\n\n<p style=\"margin-top:10px;margin-left:0;padding-top:0;padding-left:10px\"><mark style=\"background-color:rgba(0, 0, 0, 0)\" class=\"has-inline-color has-custom-orange-hexagram-color\">Christie DLP 14&nbsp;000 lumens<\/mark><\/p>\n\n\n\n<p style=\"margin-top:0;margin-left:0;padding-top:0;padding-left:10px\">Light bulbs usage: $ 4 \/ h<\/p>\n\n\n\n<p style=\"margin-top:10px;margin-left:0;padding-top:0;padding-left:10px\"><mark style=\"background-color:rgba(0, 0, 0, 0)\" class=\"has-inline-color has-custom-orange-hexagram-color\">Christie DLP 7 500 lumens<\/mark><\/p>\n\n\n\n<p style=\"margin-top:0;margin-left:0;padding-top:0;padding-left:10px\">Light bulbs usage: $ 2 \/ h<\/p>\n\n\n\n<p style=\"margin-top:10px;margin-left:0;padding-top:0;padding-left:10px\"><mark style=\"background-color:rgba(0, 0, 0, 0)\" class=\"has-inline-color has-custom-orange-hexagram-color\">Christie Laser 15&nbsp;750 lumens<\/mark><\/p>\n\n\n\n<p style=\"margin-top:0;padding-top:0;padding-left:10px\">Utilisation : 4 $ \/ h<\/p>\n\n\n\n<h5 class=\"wp-block-heading\" style=\"margin-top:var(--wp--preset--spacing--30);margin-left:0;padding-left:10px\">3D Printer<\/h5>\n\n\n\n<p style=\"margin-top:10px;margin-left:0;padding-top:0;padding-left:10px\">Filaments of various colors: $ 0,03 \/ g<\/p>\n<\/div>\n\n\n\n<div class=\"wp-block-group has-border-color has-custom-background-header-footer-border-color has-global-padding is-layout-constrained wp-container-core-group-is-layout-e5d48e90 wp-block-group-is-layout-constrained\" style=\"border-width:1px;padding-top:0px;padding-right:0px;padding-bottom:10px;padding-left:0px\">\n<h5 class=\"wp-block-heading has-custom-background-header-footer-background-color has-background\" style=\"padding-top:10px;padding-right:10px;padding-bottom:10px;padding-left:10px\">Accompaniment<\/h5>\n\n\n\n<h5 class=\"wp-block-heading\" style=\"margin-left:0;padding-left:10px\">Soutien technique continu<\/h5>\n\n\n\n<p style=\"padding-top:0;padding-left:10px\">Hourly rate<sup>*<\/sup> : $ 38,19 \/ h to $ 53,80 \/ h<\/p>\n\n\n\n<p class=\"has-small-font-size\" style=\"margin-top:var(--wp--preset--spacing--40);padding-top:0;padding-left:10px\"><em><sup>*<\/sup>Applicable rate will be fixed in advance and indicated in the agreement. <\/em><\/p>\n<\/div>\n\n\n\n<p class=\"has-medium-font-size\">To find out the date of the next call, sign up to <a href=\"https:\/\/hexagram.ca\/en\/\" target=\"_blank\" rel=\"noreferrer noopener\">Hexagram's newsletter<\/a> or follow the network's <a href=\"https:\/\/hexagram.ca\/en\/category\/news-eng\/\" target=\"_blank\" rel=\"noreferrer noopener\">news<\/a> on its website or on social medias.<\/p>","protected":false},"excerpt":{"rendered":"<p>Hexagram-UQAM contribue au soutien du R\u00e9seau par diverses ressources, dont des locaux, studios, salles de montage et \u00e9quipements de premier plan mis \u00e0 la disposition des membres lors d&rsquo;appels \u00e0 projets. Les frais de formation, d\u2019accompagnement, de location ou d\u2019\u00e9quipement, list\u00e9s ci-dessous pourraient \u00eatre factur\u00e9s et devront faire l\u2019objet d\u2019une entente avec Hexagram-UQAM avant le [&hellip;]<\/p>\n","protected":false},"author":4,"featured_media":0,"parent":0,"menu_order":0,"comment_status":"closed","ping_status":"closed","template":"","meta":{"_eb_attr":"","footnotes":""},"class_list":["post-1553","page","type-page","status-publish","hentry"],"_links":{"self":[{"href":"https:\/\/hexagram.uqam.ca\/english\/wp-json\/wp\/v2\/pages\/1553","targetHints":{"allow":["GET"]}}],"collection":[{"href":"https:\/\/hexagram.uqam.ca\/english\/wp-json\/wp\/v2\/pages"}],"about":[{"href":"https:\/\/hexagram.uqam.ca\/english\/wp-json\/wp\/v2\/types\/page"}],"author":[{"embeddable":true,"href":"https:\/\/hexagram.uqam.ca\/english\/wp-json\/wp\/v2\/users\/4"}],"replies":[{"embeddable":true,"href":"https:\/\/hexagram.uqam.ca\/english\/wp-json\/wp\/v2\/comments?post=1553"}],"version-history":[{"count":42,"href":"https:\/\/hexagram.uqam.ca\/english\/wp-json\/wp\/v2\/pages\/1553\/revisions"}],"predecessor-version":[{"id":1669,"href":"https:\/\/hexagram.uqam.ca\/english\/wp-json\/wp\/v2\/pages\/1553\/revisions\/1669"}],"wp:attachment":[{"href":"https:\/\/hexagram.uqam.ca\/english\/wp-json\/wp\/v2\/media?parent=1553"}],"curies":[{"name":"wp","href":"https:\/\/api.w.org\/{rel}","templated":true}]}}