{"id":74,"date":"2023-02-22T20:47:33","date_gmt":"2023-02-22T20:47:33","guid":{"rendered":"https:\/\/hexagram.uqam.ca\/?page_id=74"},"modified":"2025-08-29T20:21:38","modified_gmt":"2025-08-29T20:21:38","slug":"a-propos","status":"publish","type":"page","link":"https:\/\/hexagram.uqam.ca\/english\/","title":{"rendered":"About"},"content":{"rendered":"<div class=\"wp-block-group has-custom-background-header-footer-background-color has-background has-global-padding is-layout-constrained wp-container-core-group-is-layout-23b1a4dc wp-block-group-is-layout-constrained\" style=\"padding-top:var(--wp--preset--spacing--30);padding-right:var(--wp--preset--spacing--30);padding-bottom:var(--wp--preset--spacing--30);padding-left:var(--wp--preset--spacing--30)\">\n<h4 class=\"wp-block-heading\">The Institution<\/h4>\n\n\n\n<div class=\"wp-block-columns is-layout-flex wp-container-core-columns-is-layout-28f84493 wp-block-columns-is-layout-flex\">\n<div class=\"wp-block-column is-layout-flow wp-block-column-is-layout-flow\" style=\"flex-basis:70%\">\n<p>Institutional Center of UQAM, primary partner institution having founded with Concordia University <a rel=\"noreferrer noopener\" href=\"http:\/\/hexagram.ca\/en\/\" target=\"_blank\">Hexagram Network of research-creation in arts, cultures and technologies<\/a><em>,<\/em> HEXAGRAM-UQAM compte 15 chercheuses et chercheurs et plus de 75&nbsp;\u00e9tudiantes et \u00e9tudiants membres du R\u00e9seau. <\/p>\n\n\n\n<p>It contributes financially or in kind to Hexagram Network\u2019s mission which connects several Quebec universities, promotes collaborative work, supports research and creation training, as well as transfers knowledge and expertise by developing partnerships in Quebec, Canada and abroad.<\/p>\n<\/div>\n\n\n\n<div class=\"wp-block-column is-vertically-aligned-top is-layout-flow wp-block-column-is-layout-flow\" style=\"flex-basis:30%\">\n<figure class=\"wp-block-image alignright size-full\"><img loading=\"lazy\" decoding=\"async\" width=\"350\" height=\"419\" src=\"https:\/\/hexagram.uqam.ca\/wp-content\/uploads\/2023\/07\/HexU_APropos_350419.jpg\" alt=\"\" class=\"wp-image-528\" srcset=\"https:\/\/hexagram.uqam.ca\/wp-content\/uploads\/2023\/07\/HexU_APropos_350419.jpg 350w, https:\/\/hexagram.uqam.ca\/wp-content\/uploads\/2023\/07\/HexU_APropos_350419-251x300.jpg 251w\" sizes=\"auto, (max-width: 350px) 100vw, 350px\" \/><\/figure>\n<\/div>\n<\/div>\n<\/div>\n\n\n\n<div style=\"height:10px\" aria-hidden=\"true\" class=\"wp-block-spacer\"><\/div>\n\n\n\n<hr class=\"wp-block-separator has-alpha-channel-opacity\"\/>\n\n\n\n<h4 class=\"wp-block-heading\">Staff Members<\/h4>\n\n\n\n<p><mark style=\"background-color:rgba(0, 0, 0, 0)\" class=\"has-inline-color has-custom-highlights-color\">ADMINISTRATION<\/mark><br><br>SOFIAN AUDRY, principal investigator, co-director of the Nework<br>EVELYN LEBLANC, executive secretary<\/p>\n\n\n\n<p><mark style=\"background-color:rgba(0, 0, 0, 0)\" class=\"has-inline-color has-custom-highlights-color\">TECHNICAL STAFF<\/mark><\/p>\n\n\n\n<p>JASON POMRENSKI, technical director<br>MAX BOUTIN, assistant technical director<br>MICA\u00cbLLE LEMIRE, technicienne<br>ISAAK PAUL-RIVEST, technicien<\/p>\n\n\n\n<p><a href=\"https:\/\/hexagram.uqam.ca\/english\/nous-joindre\/\" data-type=\"page\" data-id=\"294\">Contact Us &gt;<\/a><\/p>\n\n\n\n<div style=\"height:10px\" aria-hidden=\"true\" class=\"wp-block-spacer\"><\/div>\n\n\n\n<hr class=\"wp-block-separator has-alpha-channel-opacity\"\/>\n\n\n\n<h4 class=\"wp-block-heading\">Partner Institution Committee<\/h4>\n\n\n\n<p>SOFIAN AUDRY, principal investigator, co-director of the Nework<br>NANCY BUSSI\u00c8RE, membre cochercheuse<br>ALEXANDRE CASTONGUAY, membre cochercheur<br>ANDR\u00c9 \u00c9RIC L\u00c9TOURNEAU, co-investigator member<br>NICOLAS REEVES, membre cochercheur<br>FR\u00c9D\u00c9RICK MAHEUX, membre \u00e9tudiant<\/p>\n\n\n\n<div style=\"height:10px\" aria-hidden=\"true\" class=\"wp-block-spacer\"><\/div>\n\n\n\n<hr class=\"wp-block-separator has-alpha-channel-opacity\"\/>\n\n\n\n<p><em>For information regarding <a href=\"https:\/\/hexagram.ca\/en\/\">Hexagram Network<\/a>, visit their <a href=\"https:\/\/hexagram.ca\/en\/\">website<\/a> or email <a href=\"mailto:coordination.hexagram@gmail.com\" target=\"_blank\" rel=\"noreferrer noopener\">coordination.hexagram@gmail.com<\/a><\/em>.<\/p>","protected":false},"excerpt":{"rendered":"<p>L&rsquo;\u00c9tablissement Centre institutionnel de l&rsquo;UQ\u00c0M, \u00e9tablissement partenaire principal ayant fond\u00e9 avec l\u2019Universit\u00e9 Concordia le R\u00e9seau de recherche-cr\u00e9ation en arts, cultures et technologies Hexagram, HEXAGRAM-UQAM compte 15 chercheuses et chercheurs et plus de 75&nbsp;\u00e9tudiantes et \u00e9tudiants membres du R\u00e9seau. Il contribue financi\u00e8rement ou mat\u00e9riellement \u00e0 la mission du R\u00e9seau Hexagram qui r\u00e9unit plusieurs \u00e9tablissements universitaires du [&hellip;]<\/p>\n","protected":false},"author":4,"featured_media":0,"parent":0,"menu_order":0,"comment_status":"closed","ping_status":"closed","template":"","meta":{"_eb_attr":"","footnotes":""},"class_list":["post-74","page","type-page","status-publish","hentry"],"_links":{"self":[{"href":"https:\/\/hexagram.uqam.ca\/english\/wp-json\/wp\/v2\/pages\/74","targetHints":{"allow":["GET"]}}],"collection":[{"href":"https:\/\/hexagram.uqam.ca\/english\/wp-json\/wp\/v2\/pages"}],"about":[{"href":"https:\/\/hexagram.uqam.ca\/english\/wp-json\/wp\/v2\/types\/page"}],"author":[{"embeddable":true,"href":"https:\/\/hexagram.uqam.ca\/english\/wp-json\/wp\/v2\/users\/4"}],"replies":[{"embeddable":true,"href":"https:\/\/hexagram.uqam.ca\/english\/wp-json\/wp\/v2\/comments?post=74"}],"version-history":[{"count":104,"href":"https:\/\/hexagram.uqam.ca\/english\/wp-json\/wp\/v2\/pages\/74\/revisions"}],"predecessor-version":[{"id":1678,"href":"https:\/\/hexagram.uqam.ca\/english\/wp-json\/wp\/v2\/pages\/74\/revisions\/1678"}],"wp:attachment":[{"href":"https:\/\/hexagram.uqam.ca\/english\/wp-json\/wp\/v2\/media?parent=74"}],"curies":[{"name":"wp","href":"https:\/\/api.w.org\/{rel}","templated":true}]}}